{"id":29170,"date":"2019-05-08T22:14:43","date_gmt":"2019-05-08T20:14:43","guid":{"rendered":"https:\/\/borgosportebenessere.it\/home\/"},"modified":"2019-05-27T09:35:06","modified_gmt":"2019-05-27T07:35:06","slug":"home","status":"publish","type":"page","link":"https:\/\/borgosportebenessere.it\/de\/","title":{"rendered":"HOME"},"content":{"rendered":"<p>[et_pb_section fb_built=&#8220;1&#8243; fullwidth=&#8220;on&#8220; custom_padding_last_edited=&#8220;on|desktop&#8220; _builder_version=&#8220;3.22.7&#8243; background_image=&#8220;https:\/\/borgosportebenessere.it\/wp-content\/uploads\/2019\/05\/img_home.jpg&#8220; background_position=&#8220;bottom_center&#8220; module_alignment=&#8220;center&#8220; min_height_last_edited=&#8220;on|tablet&#8220; max_height_tablet=&#8220;345px&#8220; max_height_phone=&#8220;220px&#8220; max_height_last_edited=&#8220;off|desktop&#8220; custom_padding=&#8220;0px|0px|0px|0px&#8220; custom_padding_tablet=&#8220;||0px|&#8220; custom_padding_phone=&#8220;||0px|&#8220;][et_pb_fullwidth_header title=&#8220;  &#8220; text_orientation=&#8220;center&#8220; logo_image_url=&#8220;https:\/\/borgosportebenessere.it\/wp-content\/uploads\/2019\/05\/logo_home_maneggio_.png&#8220; content_max_width_last_edited=&#8220;on|desktop&#8220; _builder_version=&#8220;3.22.7&#8243; title_level=&#8220;h6&#8243; title_font=&#8220;||||||||&#8220; background_color=&#8220;rgba(184,170,14,0)&#8220; width_last_edited=&#8220;on|phone&#8220; max_width_tablet=&#8220;100%&#8220; max_width_phone=&#8220;100%&#8220; max_width_last_edited=&#8220;on|phone&#8220; module_alignment=&#8220;center&#8220; custom_padding=&#8220;28%||0px&#8220; custom_padding_last_edited=&#8220;on|phone&#8220;][\/et_pb_fullwidth_header][\/et_pb_section][et_pb_section fb_built=&#8220;1&#8243; _builder_version=&#8220;3.22.7&#8243;][et_pb_row custom_margin=&#8220;0px||&#8220; _builder_version=&#8220;3.22.7&#8243;][et_pb_column type=&#8220;4_4&#8243; _builder_version=&#8220;3.22.7&#8243;][et_pb_text _builder_version=&#8220;3.22.7&#8243; text_font=&#8220;||||||||&#8220; custom_margin=&#8220;0px|100px||100px&#8220; custom_margin_tablet=&#8220;|40px||40px&#8220; custom_margin_phone=&#8220;|20px||20px&#8220; custom_margin_last_edited=&#8220;on|tablet&#8220; custom_padding=&#8220;3px|||||&#8220;]<\/p>\n<h1 style=\"text-align: center;\"><span style=\"color: #877f0c;\">DAS DORF<\/span><\/h1>\n<p style=\"text-align: center;\"><span style=\"color: #877f0c;\"><em>Eine Oase des Wohlbefindens, eingebettet in das Gr\u00fcn der Natur von Zahre: Der ideale Ort, um K\u00f6rper und Geist durch Sport und Harmonie der Entspannung zu regenerieren. <\/em><\/span><\/p>\n<p style=\"text-align: center;\">Das Sport- und Wellnessdorf befindet sich in Zahre, einem magischen alten Dorf in der \u00fcppigen Natur der Karnischen Alpen. Gepr\u00e4gt von einer reichen und faszinierenden Kultur ist das Dorf eine deutsche Sprachinsel mit einer einzigartigen Identit\u00e4t, auf der Architektur, Sprache und Traditionen \u00fcber die Jahrhunderte hinweg intakt geblieben sind.\n<\/p>\n<p style=\"text-align: center;\">Der Komplex liegt zwischen den D\u00f6rfern Oberzahre und Unterzahre und ist umgeben von der Ruhe einer unber\u00fchrten Umgebung, um seinen G\u00e4sten einen Eindruck davon zu vermitteln, wie Natur, Stille und F\u00fcrsorge f\u00fcr sich selbst das wahre Geheimnis sind, um ihr Gleichgewicht wiederherzustellen.<\/p>\n<p>[\/et_pb_text][\/et_pb_column][\/et_pb_row][\/et_pb_section][et_pb_section fb_built=&#8220;1&#8243; _builder_version=&#8220;3.22.7&#8243; custom_margin=&#8220;||0px&#8220; custom_padding=&#8220;0px|||||&#8220;][et_pb_row use_custom_gutter=&#8220;on&#8220; gutter_width=&#8220;1&#8243; custom_padding=&#8220;0px||0px|||&#8220; custom_margin=&#8220;|0px||auto||&#8220; make_equal=&#8220;on&#8220; _builder_version=&#8220;3.22.7&#8243; background_color=&#8220;#b8aa0e&#8220; width=&#8220;100%&#8220; max_width=&#8220;2560px&#8220; module_alignment=&#8220;center&#8220;][et_pb_column type=&#8220;2_3&#8243; _builder_version=&#8220;3.22.7&#8243;][et_pb_image src=&#8220;https:\/\/borgosportebenessere.it\/wp-content\/uploads\/2019\/05\/cetro_benessere-banner.jpg&#8220; force_fullwidth=&#8220;on&#8220; align_tablet=&#8220;center&#8220; align_last_edited=&#8220;on|desktop&#8220; _builder_version=&#8220;3.23&#8243;][\/et_pb_image][\/et_pb_column][et_pb_column type=&#8220;1_3&#8243; _builder_version=&#8220;3.22.7&#8243;][et_pb_text _builder_version=&#8220;3.23.2&#8243; text_font=&#8220;||||||||&#8220; quote_font=&#8220;||||||||&#8220; header_font=&#8220;||||||||&#8220; text_orientation=&#8220;center&#8220; custom_margin=&#8220;|||&#8220; custom_margin_last_edited=&#8220;on|desktop&#8220; custom_padding=&#8220;10%|61px|10%|60px||&#8220; animation_style=&#8220;fade&#8220; animation_duration=&#8220;1200ms&#8220; link_option_url=&#8220;https:\/\/borgosportebenessere.it\/de\/centro-benessere\/&#8220;]<\/p>\n<h1 style=\"text-align: center;\"><span style=\"color: #333333;\">ENTSPANNUNG UND WOHLBEFINDEN<\/span><\/h1>\n<p style=\"text-align: center;\"><span style=\"color: #333333;\">__________<\/span><\/p>\n<p><span style=\"color: #333333;\"><em>Entdecken Sie wieder das Vergn\u00fcgen, sich auch mal um sich selbst zu k\u00fcmmern.\u00a0<\/em><\/span><\/p>\n<p style=\"text-align: center;\"><span style=\"color: #333333;\">Ein 360\u00b0-Wellnesspfad zwischen Sauna und Dampfbad, den Ruhezonen und dem charmanten, familienfreundlichen Schwimmbad, wo der \u00fcppige Wasserfall entspannt vom Felsen abf\u00e4llt. <\/span><\/p>\n<p style=\"text-align: center;\"><span style=\"color: #000000;\"><img decoding=\"async\" src=\"https:\/\/borgosportebenessere.it\/wp-content\/uploads\/2019\/05\/centro_benessere.png\" alt=\"\" class=\"wp-image-28758 alignnone size-full\" width=\"49\" height=\"48\" \/><\/span><\/p>\n<p>[\/et_pb_text][\/et_pb_column][\/et_pb_row][et_pb_row use_custom_gutter=&#8220;on&#8220; gutter_width=&#8220;1&#8243; custom_padding=&#8220;0px||0px|||&#8220; custom_margin=&#8220;|0px||auto||&#8220; make_equal=&#8220;on&#8220; module_class_1=&#8220;second-on-mobile&#8220; module_class_2=&#8220;first-on-mobile&#8220; module_class=&#8220;custom_row&#8220; _builder_version=&#8220;3.22.7&#8243; background_color=&#8220;#4696a3&#8243; width=&#8220;100%&#8220; max_width=&#8220;2560px&#8220; module_alignment=&#8220;center&#8220;][et_pb_column type=&#8220;1_3&#8243; _builder_version=&#8220;3.22.7&#8243;][et_pb_text _builder_version=&#8220;3.23.2&#8243; text_font=&#8220;||||||||&#8220; quote_font=&#8220;||||||||&#8220; header_font=&#8220;||||||||&#8220; text_orientation=&#8220;center&#8220; custom_margin=&#8220;|||&#8220; custom_margin_last_edited=&#8220;on|desktop&#8220; custom_padding=&#8220;10%|61px|10%|60px||&#8220; animation_style=&#8220;fade&#8220; animation_duration=&#8220;1200ms&#8220; link_option_url=&#8220;https:\/\/borgosportebenessere.it\/de\/centro-sportivo\/&#8220;]<\/p>\n<h1 style=\"text-align: center;\"><span style=\"color: #ffffff;\">DAS SPORTZENTRUM<br \/> <\/span><\/h1>\n<p style=\"text-align: center;\"><span style=\"color: #ffffff;\">__________<\/span><\/p>\n<p><span style=\"color: #ffffff;\"><em>Ausgestattete Felder und Kurse f\u00fcr diejenigen, die auch im Urlaub nie aufh\u00f6ren.<br \/> <\/em><\/span><\/p>\n<p style=\"text-align: center;\"><span style=\"color: #ffffff;\">Tennis, Fu\u00dfball zu 5, Basketball und Volleyball. Und zus\u00e4tzlich Bogenschie\u00dfen, E-Bike-Verleih und Schlittschuhlaufen im Winter: ein komplettes Angebot, um Ihren Aktivurlaub voll zu genie\u00dfen.<\/span><\/p>\n<p style=\"text-align: center;\"><span style=\"color: #ffffff;\"><img decoding=\"async\" src=\"https:\/\/borgosportebenessere.it\/wp-content\/uploads\/2019\/05\/Centro-sportivo-1.png\" alt=\"\" class=\"wp-image-28766 alignnone size-full\" width=\"48\" height=\"48\" \/><\/span><\/p>\n<p>[\/et_pb_text][\/et_pb_column][et_pb_column type=&#8220;2_3&#8243; _builder_version=&#8220;3.22.7&#8243;][et_pb_image src=&#8220;https:\/\/borgosportebenessere.it\/wp-content\/uploads\/2019\/05\/basket-sauris.jpg&#8220; force_fullwidth=&#8220;on&#8220; align_tablet=&#8220;center&#8220; align_last_edited=&#8220;on|desktop&#8220; _builder_version=&#8220;3.23&#8243;][\/et_pb_image][\/et_pb_column][\/et_pb_row][et_pb_row use_custom_gutter=&#8220;on&#8220; gutter_width=&#8220;1&#8243; custom_padding=&#8220;0px||0px|||&#8220; custom_margin=&#8220;|0px||auto||&#8220; make_equal=&#8220;on&#8220; _builder_version=&#8220;3.22.7&#8243; background_color=&#8220;#85754e&#8220; width=&#8220;100%&#8220; max_width=&#8220;2560px&#8220; module_alignment=&#8220;center&#8220;][et_pb_column type=&#8220;2_3&#8243; _builder_version=&#8220;3.22.7&#8243;][et_pb_image src=&#8220;https:\/\/borgosportebenessere.it\/wp-content\/uploads\/2019\/05\/campeggio-home.jpg&#8220; force_fullwidth=&#8220;on&#8220; align_tablet=&#8220;center&#8220; align_last_edited=&#8220;on|desktop&#8220; _builder_version=&#8220;3.23&#8243;][\/et_pb_image][\/et_pb_column][et_pb_column type=&#8220;1_3&#8243; _builder_version=&#8220;3.22.7&#8243;][et_pb_text _builder_version=&#8220;3.23.2&#8243; text_font=&#8220;||||||||&#8220; quote_font=&#8220;||||||||&#8220; header_font=&#8220;||||||||&#8220; text_orientation=&#8220;center&#8220; custom_margin=&#8220;|||&#8220; custom_margin_last_edited=&#8220;on|desktop&#8220; custom_padding=&#8220;10%|61px|10%|60px||&#8220; animation_style=&#8220;fade&#8220; animation_duration=&#8220;1200ms&#8220; link_option_url=&#8220;https:\/\/borgosportebenessere.it\/de\/campeggio\/&#8220;]<\/p>\n<h1 style=\"text-align: center;\"><span style=\"color: #ffffff;\">DER CAMPINGPLATZ<br \/> <\/span><\/h1>\n<p style=\"text-align: center;\"><span style=\"color: #ffffff;\">__________<\/span><\/p>\n<p style=\"text-align: center;\"><span style=\"color: #ffffff;\"><em>: Ruhe und Frieden im engen Kontakt mit der Natur.<br \/> <\/em><\/span><\/p>\n<p style=\"text-align: center;\"><span style=\"color: #ffffff;\">Eingebettet in das gr\u00fcne Unterholz ist der Campingplatz Treinke der ideale Ort f\u00fcr Ihren Outdoor-Urlaub: Die unabh\u00e4ngigen Stellpl\u00e4tze sind um die zentrale Servicestruktur herum angeordnet, nur wenige Schritte vom Wellness-Center entfernt. <\/span><\/p>\n<p style=\"text-align: center;\"><span style=\"color: #333333;\">\u00a0<\/span><\/p>\n<p style=\"text-align: center;\"><span style=\"color: #000000;\"><img decoding=\"async\" src=\"https:\/\/borgosportebenessere.it\/wp-content\/uploads\/2019\/05\/campeggio.png\" alt=\"\" class=\"wp-image-28765 alignnone size-full\" width=\"49\" height=\"48\" \/><\/span><\/p>\n<p>[\/et_pb_text][\/et_pb_column][\/et_pb_row][et_pb_row use_custom_gutter=&#8220;on&#8220; gutter_width=&#8220;1&#8243; custom_padding=&#8220;0px||0px|||&#8220; custom_margin=&#8220;|0px||auto||&#8220; make_equal=&#8220;on&#8220; module_class_1=&#8220;second-on-mobile&#8220; module_class_2=&#8220;first-on-mobile&#8220; module_class=&#8220;custom_row&#8220; _builder_version=&#8220;3.22.7&#8243; background_color=&#8220;#aea9a4&#8243; width=&#8220;100%&#8220; max_width=&#8220;2560px&#8220; module_alignment=&#8220;center&#8220;][et_pb_column type=&#8220;1_3&#8243; _builder_version=&#8220;3.22.7&#8243;][et_pb_text _builder_version=&#8220;3.23.2&#8243; text_font=&#8220;||||||||&#8220; quote_font=&#8220;||||||||&#8220; header_font=&#8220;||||||||&#8220; text_orientation=&#8220;center&#8220; custom_margin=&#8220;|||&#8220; custom_margin_last_edited=&#8220;on|desktop&#8220; custom_padding=&#8220;10%|61px|10%|60px||&#8220; animation_style=&#8220;fade&#8220; animation_duration=&#8220;1200ms&#8220; link_option_url=&#8220;https:\/\/borgosportebenessere.it\/de\/maneggio\/&#8220;]<\/p>\n<h1 style=\"text-align: center;\"><span style=\"color: #333333;\">DER REITERHOF<br \/> <\/span><\/h1>\n<p style=\"text-align: center;\"><span style=\"color: #333333;\">__________<\/span><\/p>\n<p><span style=\"color: #333333;\"><em>\u00a0Cavalcare \u00e8 respirare pura libert\u00e0.<br \/> <\/em><\/span><\/p>\n<p style=\"text-align: center;\"><span style=\"color: #333333;\">Im Reitstall R\u00f6seibn k\u00f6nnen Sie der fabelhaften Welt des Reitens durch unvergessliche Spazierg\u00e4nge im Sattel n\u00e4her kommen, um die sch\u00f6nsten Aussichten auf das Tal von Zahre zu entdecken.<\/span><\/p>\n<p style=\"text-align: center;\"><span style=\"color: #000000;\"><img decoding=\"async\" src=\"https:\/\/borgosportebenessere.it\/wp-content\/uploads\/2019\/05\/maneggio.png\" alt=\"\" class=\"wp-image-28762 alignnone size-full\" width=\"49\" height=\"48\" \/><\/span><\/p>\n<p>[\/et_pb_text][\/et_pb_column][et_pb_column type=&#8220;2_3&#8243; _builder_version=&#8220;3.22.7&#8243;][et_pb_image src=&#8220;https:\/\/borgosportebenessere.it\/wp-content\/uploads\/2019\/05\/maneggio-sauris-banner.jpg&#8220; force_fullwidth=&#8220;on&#8220; align_tablet=&#8220;center&#8220; align_last_edited=&#8220;on|desktop&#8220; _builder_version=&#8220;3.23&#8243;][\/et_pb_image][\/et_pb_column][\/et_pb_row][et_pb_row use_custom_gutter=&#8220;on&#8220; gutter_width=&#8220;1&#8243; custom_padding=&#8220;0px||0px|||&#8220; custom_margin=&#8220;|0px||auto||&#8220; make_equal=&#8220;on&#8220; _builder_version=&#8220;3.22.7&#8243; background_color=&#8220;#877f0c&#8220; width=&#8220;100%&#8220; max_width=&#8220;2560px&#8220; module_alignment=&#8220;center&#8220;][et_pb_column type=&#8220;2_3&#8243; _builder_version=&#8220;3.22.7&#8243;][et_pb_image src=&#8220;https:\/\/borgosportebenessere.it\/wp-content\/uploads\/2019\/05\/ristorante-banner.jpg&#8220; force_fullwidth=&#8220;on&#8220; align_tablet=&#8220;center&#8220; align_last_edited=&#8220;on|desktop&#8220; _builder_version=&#8220;3.23&#8243;][\/et_pb_image][\/et_pb_column][et_pb_column type=&#8220;1_3&#8243; _builder_version=&#8220;3.22.7&#8243;][et_pb_text _builder_version=&#8220;3.23.2&#8243; text_font=&#8220;||||||||&#8220; quote_font=&#8220;||||||||&#8220; header_font=&#8220;||||||||&#8220; text_orientation=&#8220;center&#8220; custom_margin=&#8220;|||&#8220; custom_margin_last_edited=&#8220;on|desktop&#8220; custom_padding=&#8220;10%|61px|10%|60px||&#8220; animation_style=&#8220;fade&#8220; animation_duration=&#8220;1200ms&#8220; link_option_url=&#8220;https:\/\/borgosportebenessere.it\/de\/bar-ristorante\/&#8220;]<\/p>\n<h1 style=\"text-align: center;\"><span style=\"color: #ffffff;\">BAR UND RESTAURANT<br \/> <\/span><\/h1>\n<p style=\"text-align: center;\"><span style=\"color: #ffffff;\">__________<\/span><\/p>\n<p style=\"text-align: center;\"><span style=\"color: #ffffff;\"><em>Gl\u00fcck und Wohlbefinden in Zahre auch am Tisch.<br \/> <\/em><\/span><\/p>\n<p style=\"text-align: center;\"><span style=\"color: #ffffff;\">Das einladende Restaurant des Komplexes erfreut den Gaumen und den Geist seiner G\u00e4ste mit einem raffinierten Angebot der besten Produkte der Region: Fr\u00fchst\u00fcck, Mittag- und Abendessen im Namen der Authentizit\u00e4t der Bergaromen.<\/span><\/p>\n<p style=\"text-align: center;\"><span style=\"color: #333333;\">\u00a0<\/span><\/p>\n<p style=\"text-align: center;\"><span style=\"color: #000000;\"><img decoding=\"async\" src=\"https:\/\/borgosportebenessere.it\/wp-content\/uploads\/2019\/05\/bar.png\" alt=\"\" class=\"wp-image-28760 alignnone size-full\" width=\"49\" height=\"48\" \/><\/span><\/p>\n<p>[\/et_pb_text][\/et_pb_column][\/et_pb_row][et_pb_row use_custom_gutter=&#8220;on&#8220; gutter_width=&#8220;1&#8243; custom_padding=&#8220;0px||0px|||&#8220; custom_margin=&#8220;|0px||auto||&#8220; make_equal=&#8220;on&#8220; _builder_version=&#8220;3.22.7&#8243; width=&#8220;100%&#8220; max_width=&#8220;2560px&#8220; module_alignment=&#8220;center&#8220;][et_pb_column type=&#8220;2_3&#8243; _builder_version=&#8220;3.22.7&#8243;][et_pb_image src=&#8220;https:\/\/borgosportebenessere.it\/wp-content\/uploads\/2019\/05\/mappa-friuli-sauris.jpg&#8220; force_fullwidth=&#8220;on&#8220; align_tablet=&#8220;center&#8220; align_last_edited=&#8220;on|desktop&#8220; _builder_version=&#8220;3.23&#8243;][\/et_pb_image][\/et_pb_column][et_pb_column type=&#8220;1_3&#8243; _builder_version=&#8220;3.22.7&#8243;][et_pb_cta title=&#8220;GOOGLE MAPS&#8220; button_text=&#8220;GOOGLE MAPS&#8220; admin_label=&#8220;pulsante google maps&#8220; _builder_version=&#8220;3.22.7&#8243; header_font=&#8220;||||||||&#8220; body_font=&#8220;||||||||&#8220; use_background_color=&#8220;off&#8220; background_layout=&#8220;light&#8220; link_option_url=&#8220;https:\/\/goo.gl\/maps\/PF3GNnB89VTZPpA18&#8243; link_option_url_new_window=&#8220;on&#8220;]<\/p>\n<p><img decoding=\"async\" src=\"https:\/\/borgosportebenessere.it\/wp-content\/uploads\/2019\/05\/icona-google-map.png\" alt=\"\" class=\"wp-image-28847 alignnone size-full\" style=\"display: block; margin-left: auto; margin-right: auto;\" width=\"100\" height=\"100\" \/><\/p>\n<p>[\/et_pb_cta][\/et_pb_column][\/et_pb_row][\/et_pb_section][et_pb_section fb_built=&#8220;1&#8243; _builder_version=&#8220;3.22.7&#8243; background_image=&#8220;https:\/\/borgosportebenessere.it\/wp-content\/uploads\/2019\/05\/lago-sauris-invernale.jpg&#8220; parallax=&#8220;on&#8220; min_height_tablet=&#8220;792px&#8220; min_height_phone=&#8220;750px&#8220; min_height_last_edited=&#8220;on|desktop&#8220; custom_margin=&#8220;0px||0px&#8220;][et_pb_row _builder_version=&#8220;3.22.7&#8243;][et_pb_column type=&#8220;4_4&#8243; _builder_version=&#8220;3.22.7&#8243;][et_pb_image src=&#8220;https:\/\/borgosportebenessere.it\/wp-content\/uploads\/2019\/05\/logo-sauris-zahre.png&#8220; align=&#8220;center&#8220; align_tablet=&#8220;center&#8220; align_last_edited=&#8220;on|desktop&#8220; _builder_version=&#8220;3.23&#8243;][\/et_pb_image][\/et_pb_column][\/et_pb_row][et_pb_row _builder_version=&#8220;3.22.7&#8243;][et_pb_column type=&#8220;1_3&#8243; _builder_version=&#8220;3.22.7&#8243;][et_pb_text _builder_version=&#8220;3.22.7&#8243; link_option_url=&#8220;http:\/\/www.sauris.org\/de\/kultur-und-tradition\/&#8220; link_option_url_new_window=&#8220;on&#8220;]<\/p>\n<p><img decoding=\"async\" src=\"https:\/\/borgosportebenessere.it\/wp-content\/uploads\/2019\/05\/icona_cultura.png\" alt=\"\" class=\"wp-image-28761 alignnone size-full\" style=\"display: block; margin-left: auto; margin-right: auto;\" width=\"48\" height=\"48\" \/><\/p>\n<p>&nbsp;<\/p>\n<h1 style=\"text-align: center;\"><span style=\"color: #ffffff;\">KULTUR<\/span><\/h1>\n<p>[\/et_pb_text][\/et_pb_column][et_pb_column type=&#8220;1_3&#8243; _builder_version=&#8220;3.22.7&#8243;][et_pb_text _builder_version=&#8220;3.22.7&#8243; link_option_url=&#8220;http:\/\/www.sauris.org\/de\/unberuehrte-natur\/&#8220; link_option_url_new_window=&#8220;on&#8220;]<\/p>\n<p><img decoding=\"async\" src=\"https:\/\/borgosportebenessere.it\/wp-content\/uploads\/2019\/05\/natura.png\" alt=\"\" class=\"wp-image-28763 alignnone size-full\" style=\"display: block; margin-left: auto; margin-right: auto;\" width=\"49\" height=\"48\" \/><\/p>\n<p>&nbsp;<\/p>\n<h1 style=\"text-align: center;\"><span style=\"color: #ffffff;\">NATUR<\/span><\/h1>\n<p>[\/et_pb_text][\/et_pb_column][et_pb_column type=&#8220;1_3&#8243; _builder_version=&#8220;3.22.7&#8243;][et_pb_text _builder_version=&#8220;3.22.7&#8243; link_option_url=&#8220;http:\/\/www.sauris.org\/de\/freizeit\/&#8220; link_option_url_new_window=&#8220;on&#8220;]<\/p>\n<p><img decoding=\"async\" src=\"https:\/\/borgosportebenessere.it\/wp-content\/uploads\/2019\/05\/vacanza_attiva.png\" alt=\"\" class=\"wp-image-28764 alignnone size-full\" style=\"display: block; margin-left: auto; margin-right: auto;\" width=\"49\" height=\"48\" \/><\/p>\n<p>&nbsp;<\/p>\n<h1 style=\"text-align: center;\"><span style=\"color: #ffffff;\">AKTIVURLAUB<\/span><\/h1>\n<p>[\/et_pb_text][\/et_pb_column][\/et_pb_row][\/et_pb_section]<\/p>\n","protected":false},"excerpt":{"rendered":"<p>DAS DORF Eine Oase des Wohlbefindens, eingebettet in das Gr\u00fcn der Natur von Zahre: Der ideale Ort, um K\u00f6rper und Geist durch Sport und Harmonie der Entspannung zu regenerieren. Das Sport- und Wellnessdorf befindet sich in Zahre, einem magischen alten Dorf in der \u00fcppigen Natur der Karnischen Alpen. Gepr\u00e4gt von einer reichen und faszinierenden Kultur [&hellip;]<\/p>\n","protected":false},"author":1,"featured_media":0,"parent":0,"menu_order":0,"comment_status":"closed","ping_status":"closed","template":"","meta":{"_et_pb_use_builder":"on","_et_pb_old_content":"","_et_gb_content_width":"","footnotes":""},"class_list":["post-29170","page","type-page","status-publish","hentry"],"_links":{"self":[{"href":"https:\/\/borgosportebenessere.it\/de\/wp-json\/wp\/v2\/pages\/29170","targetHints":{"allow":["GET"]}}],"collection":[{"href":"https:\/\/borgosportebenessere.it\/de\/wp-json\/wp\/v2\/pages"}],"about":[{"href":"https:\/\/borgosportebenessere.it\/de\/wp-json\/wp\/v2\/types\/page"}],"author":[{"embeddable":true,"href":"https:\/\/borgosportebenessere.it\/de\/wp-json\/wp\/v2\/users\/1"}],"replies":[{"embeddable":true,"href":"https:\/\/borgosportebenessere.it\/de\/wp-json\/wp\/v2\/comments?post=29170"}],"version-history":[{"count":3,"href":"https:\/\/borgosportebenessere.it\/de\/wp-json\/wp\/v2\/pages\/29170\/revisions"}],"predecessor-version":[{"id":29221,"href":"https:\/\/borgosportebenessere.it\/de\/wp-json\/wp\/v2\/pages\/29170\/revisions\/29221"}],"wp:attachment":[{"href":"https:\/\/borgosportebenessere.it\/de\/wp-json\/wp\/v2\/media?parent=29170"}],"curies":[{"name":"wp","href":"https:\/\/api.w.org\/{rel}","templated":true}]}}