{"id":29175,"date":"2019-05-16T15:33:08","date_gmt":"2019-05-16T13:33:08","guid":{"rendered":"https:\/\/borgosportebenessere.it\/centro-benessere\/"},"modified":"2021-09-03T10:37:28","modified_gmt":"2021-09-03T08:37:28","slug":"centro-benessere","status":"publish","type":"page","link":"https:\/\/borgosportebenessere.it\/de\/centro-benessere\/","title":{"rendered":"WELLNESSZENTRUM"},"content":{"rendered":"<p>[et_pb_section fb_built=&#8220;1&#8243; fullwidth=&#8220;on&#8220; custom_padding_last_edited=&#8220;on|desktop&#8220; _builder_version=&#8220;3.22.7&#8243; background_image=&#8220;https:\/\/borgosportebenessere.it\/wp-content\/uploads\/2019\/05\/cetro_benessere-home.jpg&#8220; background_position=&#8220;top_center&#8220; module_alignment=&#8220;center&#8220; min_height_tablet=&#8220;&#8220; min_height_phone=&#8220;&#8220; min_height_last_edited=&#8220;on|tablet&#8220; max_height_tablet=&#8220;345px&#8220; max_height_phone=&#8220;220px&#8220; max_height_last_edited=&#8220;off|desktop&#8220; custom_padding=&#8220;0px|0px|0px|0px&#8220; custom_padding_tablet=&#8220;||0px|&#8220; custom_padding_phone=&#8220;||0px|&#8220;][et_pb_fullwidth_header title=&#8220;WO WELLNESS AUF DIE SCH\u00d6NHEIT DER NATUR TRIFFT&#8220; text_orientation=&#8220;center&#8220; logo_image_url=&#8220;https:\/\/borgosportebenessere.it\/wp-content\/uploads\/2019\/05\/logo_home.png&#8220; content_max_width_tablet=&#8220;&#8220; content_max_width_phone=&#8220;&#8220; content_max_width_last_edited=&#8220;on|desktop&#8220; _builder_version=&#8220;3.22.7&#8243; title_level=&#8220;h6&#8243; title_font=&#8220;||||||||&#8220; background_color=&#8220;rgba(184,170,14,0)&#8220; width_tablet=&#8220;&#8220; width_phone=&#8220;&#8220; width_last_edited=&#8220;on|phone&#8220; max_width_tablet=&#8220;100%&#8220; max_width_phone=&#8220;100%&#8220; max_width_last_edited=&#8220;on|phone&#8220; module_alignment=&#8220;center&#8220; custom_padding=&#8220;28%||0px&#8220; custom_padding_tablet=&#8220;&#8220; custom_padding_phone=&#8220;&#8220; custom_padding_last_edited=&#8220;on|phone&#8220;][\/et_pb_fullwidth_header][\/et_pb_section][et_pb_section fb_built=&#8220;1&#8243; _builder_version=&#8220;3.22.7&#8243;][et_pb_row _builder_version=&#8220;3.25&#8243; custom_margin=&#8220;0px||&#8220;][et_pb_column type=&#8220;4_4&#8243; _builder_version=&#8220;3.25&#8243; custom_padding=&#8220;|||&#8220; custom_padding__hover=&#8220;|||&#8220;][et_pb_text _builder_version=&#8220;4.0.7&#8243; text_font=&#8220;||||||||&#8220; custom_margin=&#8220;0px|100px||100px&#8220; custom_margin_tablet=&#8220;|40px||40px&#8220; custom_margin_phone=&#8220;|20px||20px&#8220; custom_margin_last_edited=&#8220;on|tablet&#8220; custom_padding=&#8220;3px|||||&#8220;]<\/p>\n<h1 style=\"text-align: center;\"><span style=\"color: #448d8f;\">DAS WELLNESS ZENTRUM<br \/> <\/span><\/h1>\n<p style=\"text-align: center;\"><span style=\"color: #448d8f;\"><em>Im Herzen des dorfes gibt es einen Ort, der in der lage ist, K\u00f6rper und Geist zu verw\u00f6hnen, die Sinne zu verbl\u00fcffen und ihr Inneres ich Wiederzuentdecken.<\/em><\/span><\/p>\n<p style=\"text-align: center;\"><span style=\"color: #333333;\">Hier verschwindet der Stress, der den Alltag durchdringt, wie von selbst und l\u00e4sst Platz f\u00fcr Ruhe und Gelassenheit. Diese kleine Paradiesecke ist perfekt in die Natur von Zahre eingebettet: Die warme Gestaltung des Holzes, der Fels und die entspannende Melodie des Wassers schaffen ein grenzenloses Szenario mit der wilden Ruhe des umgebenden Waldes. <\/span><\/p>\n<p style=\"text-align: center;\"><span style=\"color: #333333;\">Ein 360\u00b0-Wellnesspfad, auf dem Sie sich vom regenerierenden, reinen Bergwasser wiegen lassen, in die wohltuende W\u00e4rme der Saunalandschaft eintauchen und sich dann an einer von den Elementen der Natur inspirierten Behandlung erfreuen k\u00f6nnen.<\/span><\/p>\n<p>[\/et_pb_text][\/et_pb_column][\/et_pb_row][\/et_pb_section][et_pb_section fb_built=&#8220;1&#8243; _builder_version=&#8220;3.22.7&#8243; custom_margin=&#8220;||0px&#8220; custom_padding=&#8220;0px|||||&#8220;][et_pb_row column_structure=&#8220;2_3,1_3&#8243; use_custom_gutter=&#8220;on&#8220; gutter_width=&#8220;1&#8243; make_equal=&#8220;on&#8220; _builder_version=&#8220;3.25&#8243; background_color=&#8220;#218091&#8243; width=&#8220;100%&#8220; max_width=&#8220;2560px&#8220; module_alignment=&#8220;center&#8220; custom_margin=&#8220;|0px||auto||&#8220; custom_padding=&#8220;0px||0px|||&#8220;][et_pb_column type=&#8220;2_3&#8243; _builder_version=&#8220;3.25&#8243; custom_padding=&#8220;|||&#8220; custom_padding__hover=&#8220;|||&#8220;][et_pb_image src=&#8220;https:\/\/borgosportebenessere.it\/wp-content\/uploads\/2019\/05\/wellness-sauris.jpg&#8220; force_fullwidth=&#8220;on&#8220; align_tablet=&#8220;center&#8220; align_phone=&#8220;&#8220; align_last_edited=&#8220;on|desktop&#8220; _builder_version=&#8220;3.23&#8243;][\/et_pb_image][\/et_pb_column][et_pb_column type=&#8220;1_3&#8243; _builder_version=&#8220;3.25&#8243; custom_padding=&#8220;|||&#8220; custom_padding__hover=&#8220;|||&#8220;][et_pb_text _builder_version=&#8220;3.27.4&#8243; text_font=&#8220;||||||||&#8220; quote_font=&#8220;||||||||&#8220; header_font=&#8220;||||||||&#8220; text_orientation=&#8220;center&#8220; custom_margin=&#8220;|||&#8220; custom_margin_tablet=&#8220;&#8220; custom_margin_phone=&#8220;&#8220; custom_margin_last_edited=&#8220;on|desktop&#8220; custom_padding=&#8220;10%|61px|10%|60px||&#8220;]<\/p>\n<h1 style=\"text-align: center;\"><span style=\"color: #ffffff;\">WELLNESS<br \/>\n<\/span><\/h1>\n<p style=\"text-align: center;\"><span style=\"color: #ffffff;\">__________<\/span><\/p>\n<p><span style=\"color: #ffffff;\"><em>Sich ganz dem Vergn\u00fcgen der wahren Entspannung hingeben.<br \/>\n<\/em><\/span><\/p>\n<p style=\"text-align: center;\"><span style=\"color: #ffffff;\">Atmen Sie die wohltuende, frische Bergluft ein und lernen Sie, dem hypnotischen Klang der Stille zu lauschen: Im Sport- und Wellnessdorf erleben Sie einen rustikalen Charme inmitten unber\u00fchrter Natur.<\/span><\/p>\n<p>&nbsp;[\/et_pb_text][\/et_pb_column][\/et_pb_row][et_pb_row column_structure=&#8220;1_3,2_3&#8243; use_custom_gutter=&#8220;on&#8220; gutter_width=&#8220;1&#8243; make_equal=&#8220;on&#8220; module_class=&#8220;custom_row&#8220; _builder_version=&#8220;3.25&#8243; background_color=&#8220;#73abb5&#8243; width=&#8220;100%&#8220; max_width=&#8220;2560px&#8220; module_alignment=&#8220;center&#8220; custom_margin=&#8220;|0px||auto||&#8220; custom_padding=&#8220;0px||0px|||&#8220;][et_pb_column type=&#8220;1_3&#8243; module_class=&#8220;second-on-mobile&#8220; _builder_version=&#8220;3.25&#8243; custom_padding=&#8220;|||&#8220; custom_padding__hover=&#8220;|||&#8220;][et_pb_text _builder_version=&#8220;3.27.4&#8243; text_font=&#8220;||||||||&#8220; quote_font=&#8220;||||||||&#8220; header_font=&#8220;||||||||&#8220; text_orientation=&#8220;center&#8220; custom_margin=&#8220;|||&#8220; custom_margin_tablet=&#8220;&#8220; custom_margin_phone=&#8220;&#8220; custom_margin_last_edited=&#8220;on|desktop&#8220; custom_padding=&#8220;10%|61px|10%|60px||&#8220;]<\/p>\n<h1 style=\"text-align: center;\"><span style=\"color: #ffffff;\">SCHWIMMBAD<br \/>\n<\/span><\/h1>\n<p style=\"text-align: center;\"><span style=\"color: #ffffff;\">__________<\/span><\/p>\n<p><span style=\"color: #ffffff;\"><em>Wasser: erfrischt die Seele und regt die Sinne an.<br \/>\n<\/em><\/span><\/p>\n<p style=\"text-align: center;\"><span style=\"color: #ffffff;\">Der regenerierende beheizte Pool empf\u00e4ngt Sie mit dem Klang des herrlichen Wasserfalls, der aus dem Felsen entspringt: Diese s\u00fc\u00dfe Melodie begleitet Ihre Entspannung, w\u00e4hrend Sie die warmen Wasserstrahlen im Whirlpool genie\u00dfen oder das Panorama der Natur aus den Liegest\u00fchlen am Pool bewundern.<\/span><\/p>\n<p>[\/et_pb_text][\/et_pb_column][et_pb_column type=&#8220;2_3&#8243; module_class=&#8220;first-on-mobile&#8220; _builder_version=&#8220;3.25&#8243; custom_padding=&#8220;|||&#8220; custom_padding__hover=&#8220;|||&#8220;][et_pb_image src=&#8220;https:\/\/borgosportebenessere.it\/wp-content\/uploads\/2019\/05\/piscine.jpg&#8220; force_fullwidth=&#8220;on&#8220; align_tablet=&#8220;center&#8220; align_phone=&#8220;&#8220; align_last_edited=&#8220;on|desktop&#8220; _builder_version=&#8220;3.23&#8243;][\/et_pb_image][\/et_pb_column][\/et_pb_row][et_pb_row column_structure=&#8220;2_3,1_3&#8243; use_custom_gutter=&#8220;on&#8220; gutter_width=&#8220;1&#8243; make_equal=&#8220;on&#8220; _builder_version=&#8220;3.25&#8243; background_color=&#8220;#406b72&#8243; width=&#8220;100%&#8220; max_width=&#8220;2560px&#8220; module_alignment=&#8220;center&#8220; custom_margin=&#8220;|0px||auto||&#8220; custom_padding=&#8220;0px||0px|||&#8220;][et_pb_column type=&#8220;2_3&#8243; _builder_version=&#8220;3.25&#8243; custom_padding=&#8220;|||&#8220; custom_padding__hover=&#8220;|||&#8220;][et_pb_image src=&#8220;https:\/\/borgosportebenessere.it\/wp-content\/uploads\/2019\/05\/saune-sauris.jpg&#8220; force_fullwidth=&#8220;on&#8220; align_tablet=&#8220;center&#8220; align_phone=&#8220;&#8220; align_last_edited=&#8220;on|desktop&#8220; _builder_version=&#8220;3.23&#8243;][\/et_pb_image][\/et_pb_column][et_pb_column type=&#8220;1_3&#8243; _builder_version=&#8220;3.25&#8243; custom_padding=&#8220;|||&#8220; custom_padding__hover=&#8220;|||&#8220;][et_pb_text _builder_version=&#8220;3.27.4&#8243; text_font=&#8220;||||||||&#8220; quote_font=&#8220;||||||||&#8220; header_font=&#8220;||||||||&#8220; text_orientation=&#8220;center&#8220; custom_margin=&#8220;|||&#8220; custom_margin_tablet=&#8220;&#8220; custom_margin_phone=&#8220;&#8220; custom_margin_last_edited=&#8220;on|desktop&#8220; custom_padding=&#8220;10%|61px|10%|60px||&#8220;]<\/p>\n<h1 style=\"text-align: center;\"><span style=\"color: #ffffff;\">SAUNA-ZONE<br \/> <\/span><\/h1>\n<p style=\"text-align: center;\"><span style=\"color: #ffffff;\">__________<\/span><\/p>\n<p style=\"text-align: center;\"><span style=\"color: #ffffff;\"><em>Die w\u00e4rme: reinigt und balanciert K\u00f6rper und Geist.<br \/> <\/em><\/span><\/p>\n<p style=\"text-align: center;\"><span style=\"color: #ffffff;\">Im Saunabereich empf\u00e4ngt Sie ein intimer und gem\u00fctlicher Raum: Die finnische Sauna gibt ihre W\u00e4rme von den Balsamsteinen ab, regt die Schwei\u00dfbildung und die Ausscheidung von Giftstoffen an und reinigt den K\u00f6rper. Das Dampfbad l\u00f6st dann die Spannungen in einer Umarmung von Wohlbefinden und Ruhe.<\/span><\/p>\n<p>&nbsp;<\/p>\n<p>[\/et_pb_text][\/et_pb_column][\/et_pb_row][et_pb_row column_structure=&#8220;1_3,2_3&#8243; use_custom_gutter=&#8220;on&#8220; gutter_width=&#8220;1&#8243; make_equal=&#8220;on&#8220; module_class=&#8220;custom_row&#8220; _builder_version=&#8220;3.25&#8243; background_color=&#8220;#587172&#8243; width=&#8220;100%&#8220; max_width=&#8220;2560px&#8220; module_alignment=&#8220;center&#8220; custom_margin=&#8220;|0px||auto||&#8220; custom_padding=&#8220;0px||0px|||&#8220;][et_pb_column type=&#8220;1_3&#8243; module_class=&#8220;second-on-mobile&#8220; _builder_version=&#8220;3.25&#8243; custom_padding=&#8220;|||&#8220; custom_padding__hover=&#8220;|||&#8220;][et_pb_text _builder_version=&#8220;3.27.4&#8243; text_font=&#8220;||||||||&#8220; quote_font=&#8220;||||||||&#8220; header_font=&#8220;||||||||&#8220; text_orientation=&#8220;center&#8220; custom_margin=&#8220;|||&#8220; custom_margin_tablet=&#8220;&#8220; custom_margin_phone=&#8220;&#8220; custom_margin_last_edited=&#8220;on|desktop&#8220; custom_padding=&#8220;10%|61px|10%|60px||&#8220;]<\/p>\n<h1 style=\"text-align: center;\"><span style=\"color: #ffffff;\">BEHANDLUNGEN<br \/> <\/span><\/h1>\n<p style=\"text-align: center;\"><span style=\"color: #ffffff;\">__________<\/span><\/p>\n<p><span style=\"color: #ffffff;\"><em>Verw\u00f6hnungen green im reinen alpinen Stil.<br \/> <\/em><\/span><\/p>\n<p style=\"text-align: center;\"><span style=\"color: #ffffff;\">Es gibt nichts Belohnenderes, als sich nur einen Moment zu g\u00f6nnen: eine wohltuende Massage oder eine Wellness-Behandlung, die an den Elementen der Natur von Zahre inspiriert, wie z.B. Heub\u00e4der, Eintauchen in frisches Gras w\u00e4hrend der G\u00e4rung, das einen starken, reinigenden Schwei\u00dfprozess anregt, oder das Gerstenmalzpeeling, das f\u00fcr die Herstellung von lokalem Bier verwendet wird, das hilft, die Oberfl\u00e4chenschicht der Haut zu entfernen und der Haut von Gesicht und K\u00f6rper Frische und Elastizit\u00e4t verleiht. <\/span><\/p>\n<p>&nbsp;<\/p>\n<p>[\/et_pb_text][\/et_pb_column][et_pb_column type=&#8220;2_3&#8243; module_class=&#8220;first-on-mobile&#8220; _builder_version=&#8220;3.25&#8243; custom_padding=&#8220;|||&#8220; custom_padding__hover=&#8220;|||&#8220;][et_pb_image src=&#8220;https:\/\/borgosportebenessere.it\/wp-content\/uploads\/2019\/05\/bagno_fieno.jpg&#8220; force_fullwidth=&#8220;on&#8220; align_tablet=&#8220;center&#8220; align_phone=&#8220;&#8220; align_last_edited=&#8220;on|desktop&#8220; _builder_version=&#8220;3.23&#8243; filter_saturate=&#8220;125%&#8220;][\/et_pb_image][\/et_pb_column][\/et_pb_row][\/et_pb_section][et_pb_section fb_built=&#8220;1&#8243; _builder_version=&#8220;3.22.7&#8243; custom_margin=&#8220;0px||&#8220; custom_padding=&#8220;0px||&#8220;][et_pb_row _builder_version=&#8220;3.25&#8243;][et_pb_column type=&#8220;4_4&#8243; _builder_version=&#8220;3.25&#8243; custom_padding=&#8220;|||&#8220; custom_padding__hover=&#8220;|||&#8220;][et_pb_text _builder_version=&#8220;4.4.8&#8243; hover_enabled=&#8220;0&#8243;]<\/p>\n<h1 style=\"text-align: center;\"><span style=\"color: #006c73;\">PREISLISTE AUF DIESEM LINK<\/span><\/h1>\n<p><span style=\"color: #006c73;\"><\/span><\/p>\n<p><span style=\"color: #006c73;\"><\/span><\/p>\n<h1 style=\"text-align: center;\"><span style=\"color: #006c73;\"><a href=\"https:\/\/www.albergodiffusosauris.com\/wellness-spa\/grien-spa\/\">www.albergodiffusosauris.com<\/a><\/span><\/h1>\n<p>[\/et_pb_text][\/et_pb_column][\/et_pb_row][\/et_pb_section][et_pb_section fb_built=&#8220;1&#8243; _builder_version=&#8220;3.22.7&#8243; background_color=&#8220;#f2f2f2&#8243; custom_margin=&#8220;0px||20px&#8220; custom_padding=&#8220;0px||&#8220;][et_pb_row _builder_version=&#8220;3.25&#8243;][et_pb_column type=&#8220;4_4&#8243; _builder_version=&#8220;3.25&#8243; custom_padding=&#8220;|||&#8220; custom_padding__hover=&#8220;|||&#8220;][et_pb_text _builder_version=&#8220;3.27.4&#8243;]<\/p>\n<h1 style=\"text-align: center;\"><span style=\"color: #333333;\">KONTAKTE<\/span><\/h1>\n<p>[\/et_pb_text][\/et_pb_column][\/et_pb_row][et_pb_row column_structure=&#8220;2_5,3_5&#8243; _builder_version=&#8220;3.25&#8243;][et_pb_column type=&#8220;2_5&#8243; _builder_version=&#8220;3.25&#8243; custom_padding=&#8220;|||&#8220; custom_padding__hover=&#8220;|||&#8220;][et_pb_blurb title=&#8220;GRIEN SPA&#8220; _builder_version=&#8220;4.4.8&#8243; header_level=&#8220;h2&#8243;]<\/p>\n<p>INFORMATIONEN<\/p>\n<p>Cell. +39 366.1128607\u00a0<br \/> email &#8211; <a href=\"mailto:borgodellosport@gmail.com\" target=\"_blank\" rel=\"noopener noreferrer\">grienspasauris@gmail.com<\/a><\/p>\n<p>[\/et_pb_blurb][\/et_pb_column][et_pb_column type=&#8220;3_5&#8243; _builder_version=&#8220;3.25&#8243; custom_padding=&#8220;|||&#8220; custom_padding__hover=&#8220;|||&#8220;][et_pb_blurb title=&#8220;EROFFNUNGZEITEN WOCHENENDE 4\/5 SEMPTEMBER 2021&#8243; _builder_version=&#8220;4.4.8&#8243; header_level=&#8220;h5&#8243; hover_enabled=&#8220;0&#8243;]<\/p>\n<p><span style=\"font-size: 19px;\">SAMSTAG und SONNTAG\u00a0 &#8211;\u00a0 vom 10.00 Uhr bis 20.00 Uhr<\/span><\/p>\n<p>&nbsp;<\/p>\n<p>[\/et_pb_blurb][\/et_pb_column][\/et_pb_row][\/et_pb_section]<\/p>\n","protected":false},"excerpt":{"rendered":"<p>DAS WELLNESS ZENTRUM Im Herzen des dorfes gibt es einen Ort, der in der lage ist, K\u00f6rper und Geist zu verw\u00f6hnen, die Sinne zu verbl\u00fcffen und ihr Inneres ich Wiederzuentdecken. Hier verschwindet der Stress, der den Alltag durchdringt, wie von selbst und l\u00e4sst Platz f\u00fcr Ruhe und Gelassenheit. Diese kleine Paradiesecke ist perfekt in die [&hellip;]<\/p>\n","protected":false},"author":1,"featured_media":0,"parent":0,"menu_order":0,"comment_status":"closed","ping_status":"closed","template":"","meta":{"_et_pb_use_builder":"on","_et_pb_old_content":"","_et_gb_content_width":"","footnotes":""},"class_list":["post-29175","page","type-page","status-publish","hentry"],"_links":{"self":[{"href":"https:\/\/borgosportebenessere.it\/de\/wp-json\/wp\/v2\/pages\/29175","targetHints":{"allow":["GET"]}}],"collection":[{"href":"https:\/\/borgosportebenessere.it\/de\/wp-json\/wp\/v2\/pages"}],"about":[{"href":"https:\/\/borgosportebenessere.it\/de\/wp-json\/wp\/v2\/types\/page"}],"author":[{"embeddable":true,"href":"https:\/\/borgosportebenessere.it\/de\/wp-json\/wp\/v2\/users\/1"}],"replies":[{"embeddable":true,"href":"https:\/\/borgosportebenessere.it\/de\/wp-json\/wp\/v2\/comments?post=29175"}],"version-history":[{"count":16,"href":"https:\/\/borgosportebenessere.it\/de\/wp-json\/wp\/v2\/pages\/29175\/revisions"}],"predecessor-version":[{"id":29576,"href":"https:\/\/borgosportebenessere.it\/de\/wp-json\/wp\/v2\/pages\/29175\/revisions\/29576"}],"wp:attachment":[{"href":"https:\/\/borgosportebenessere.it\/de\/wp-json\/wp\/v2\/media?parent=29175"}],"curies":[{"name":"wp","href":"https:\/\/api.w.org\/{rel}","templated":true}]}}