{"id":29179,"date":"2019-05-20T15:46:14","date_gmt":"2019-05-20T13:46:14","guid":{"rendered":"https:\/\/borgosportebenessere.it\/centro-sportivo\/"},"modified":"2019-05-27T09:31:11","modified_gmt":"2019-05-27T07:31:11","slug":"centro-sportivo","status":"publish","type":"page","link":"https:\/\/borgosportebenessere.it\/de\/centro-sportivo\/","title":{"rendered":"SPORTZENTRUM"},"content":{"rendered":"\n[et_pb_section fb_built=&#8220;1&#8243; fullwidth=&#8220;on&#8220; custom_padding_last_edited=&#8220;on|desktop&#8220; _builder_version=&#8220;3.22.7&#8243; background_image=&#8220;https:\/\/borgosportebenessere.it\/wp-content\/uploads\/2019\/05\/sport-banner.jpg&#8220; module_alignment=&#8220;center&#8220; min_height_last_edited=&#8220;on|tablet&#8220; max_height_tablet=&#8220;345px&#8220; max_height_phone=&#8220;220px&#8220; max_height_last_edited=&#8220;off|desktop&#8220; custom_padding=&#8220;0px|0px|0px|0px&#8220; custom_padding_tablet=&#8220;||0px|&#8220; custom_padding_phone=&#8220;||0px|&#8220;][et_pb_fullwidth_header title=&#8220;AKTIVE PAUSE AM WALDRAND&#8220; text_orientation=&#8220;center&#8220; logo_image_url=&#8220;https:\/\/borgosportebenessere.it\/wp-content\/uploads\/2019\/05\/logo_home.png&#8220; content_max_width_last_edited=&#8220;on|desktop&#8220; _builder_version=&#8220;3.22.7&#8243; title_level=&#8220;h6&#8243; title_font=&#8220;||||||||&#8220; background_color=&#8220;rgba(184,170,14,0)&#8220; width_last_edited=&#8220;on|phone&#8220; max_width_tablet=&#8220;100%&#8220; max_width_phone=&#8220;100%&#8220; max_width_last_edited=&#8220;on|phone&#8220; module_alignment=&#8220;center&#8220; custom_padding=&#8220;28%||0px&#8220; custom_padding_last_edited=&#8220;on|phone&#8220;][\/et_pb_fullwidth_header][\/et_pb_section][et_pb_section fb_built=&#8220;1&#8243; _builder_version=&#8220;3.22.7&#8243;][et_pb_row custom_margin=&#8220;0px||&#8220; _builder_version=&#8220;3.22.7&#8243;][et_pb_column type=&#8220;4_4&#8243; _builder_version=&#8220;3.22.7&#8243;][et_pb_text _builder_version=&#8220;3.22.7&#8243; text_font=&#8220;||||||||&#8220; custom_margin=&#8220;0px|100px||100px&#8220; custom_margin_tablet=&#8220;|40px||40px&#8220; custom_margin_phone=&#8220;|20px||20px&#8220; custom_margin_last_edited=&#8220;on|tablet&#8220; custom_padding=&#8220;3px|||||&#8220;]<h1 style=\"text-align: center;\"><span style=\"color: #b8aa0e;\">SPORTZENTRUM<br \/> <\/span><\/h1>\n<p style=\"text-align: center;\"><span style=\"color: #b8aa0e;\"><em>Die Energie des Sports, die Magie der Natur.<br \/> <\/em><\/span><\/p>\n<p style=\"text-align: center;\"><span style=\"color: #333333;\">Das Sportzentrum befindet sich in einer ruhigen und gr\u00fcnen Umgebung, ideal f\u00fcr diejenigen, die Outdoor-Sportarten lieben und die Harmonie wiederfinden, w\u00e4hrend sie Zeit mit Freunden verbringen, Spa\u00df haben und sich entspannen. Im Sommer sind die Pl\u00e4tze f\u00fcr Sportarten wie Tennis, Fu\u00dfball zu 5, Volleyball und Basketball ausgestattet. Im Winter ist es m\u00f6glich, auf dem Eis zu laufen, umgeben von der Ruhe des wei\u00dfen Schnees. Im Inneren \u00fcberzeugt neben Einrichtungen und Duschen auch ein kleines Fitnessstudio, f\u00fcr diejenigen, die auch im Urlaub nicht auf das t\u00e4gliche Training verzichten m\u00f6chten. Vom Sportzentrum aus gibt es auch zahlreiche Wanderwege, die die verschiedenen D\u00f6rfer miteinander verbinden, die zu Fu\u00df und mit dem Mountainbike leicht erreichbar sind.<\/span><\/p>\n[\/et_pb_text][\/et_pb_column][\/et_pb_row][\/et_pb_section][et_pb_section fb_built=&#8220;1&#8243; _builder_version=&#8220;3.22.7&#8243; custom_margin=&#8220;||0px&#8220; custom_padding=&#8220;0px|||||&#8220;][et_pb_row use_custom_gutter=&#8220;on&#8220; gutter_width=&#8220;1&#8243; custom_padding=&#8220;0px||0px|||&#8220; custom_margin=&#8220;|0px||auto||&#8220; make_equal=&#8220;on&#8220; _builder_version=&#8220;3.22.7&#8243; background_color=&#8220;#B8AA0E&#8220; width=&#8220;100%&#8220; max_width=&#8220;2560px&#8220; module_alignment=&#8220;center&#8220;][et_pb_column type=&#8220;2_3&#8243; _builder_version=&#8220;3.22.7&#8243;][et_pb_image src=&#8220;https:\/\/borgosportebenessere.it\/wp-content\/uploads\/2019\/05\/basket-sauris.jpg&#8220; force_fullwidth=&#8220;on&#8220; _builder_version=&#8220;3.22.7&#8243;][\/et_pb_image][\/et_pb_column][et_pb_column type=&#8220;1_3&#8243; _builder_version=&#8220;3.22.7&#8243;][et_pb_text _builder_version=&#8220;3.22.7&#8243; text_font=&#8220;||||||||&#8220; quote_font=&#8220;||||||||&#8220; header_font=&#8220;||||||||&#8220; text_orientation=&#8220;center&#8220; custom_margin=&#8220;|||&#8220; custom_margin_last_edited=&#8220;on|phone&#8220; custom_padding=&#8220;10%|45px|10%|45px||&#8220;]<h1 style=\"text-align: center;\"><span style=\"color: #333333;\">TENNIS, FUSSBALL ZU 5, BASKETBALL UND VOLLEYBALL<\/span><\/h1>\n<p style=\"text-align: center;\"><span style=\"color: #333333;\">__________<\/span><\/p>\n<p style=\"text-align: center;\"><span style=\"color: #333333;\">Der Kunstrasenplatz, der dem Tennis und dem Fu\u00dfball zu 5 gewidmet ist, und der Basketball- und Volleyballplatz, der mit K\u00f6rben und Netzen ausgestattet ist, sind von einem Wald aus hohen Tannen umgeben. Ausgestattet mit Nachtbeleuchtung, erm\u00f6glichen sie es Ihnen, angenehme Abende mit Sport und Spa\u00df in der frischen Bergluft zu verbringen. <\/span><\/p>\n<p style=\"text-align: center;\"><span style=\"color: #333333;\">\u00a0<\/span><\/p>[\/et_pb_text][\/et_pb_column][\/et_pb_row][et_pb_row use_custom_gutter=&#8220;on&#8220; gutter_width=&#8220;1&#8243; custom_padding=&#8220;0px||0px|||&#8220; custom_margin=&#8220;|0px||auto||&#8220; make_equal=&#8220;on&#8220; module_class_1=&#8220;second-on-mobile&#8220; module_class_2=&#8220;first-on-mobile&#8220; module_class=&#8220;custom_row&#8220; _builder_version=&#8220;3.22.7&#8243; background_color=&#8220;#7C7412&#8243; width=&#8220;100%&#8220; max_width=&#8220;2560px&#8220; module_alignment=&#8220;center&#8220;][et_pb_column type=&#8220;1_3&#8243; _builder_version=&#8220;3.22.7&#8243;][et_pb_text _builder_version=&#8220;3.22.7&#8243; text_font=&#8220;||||||||&#8220; quote_font=&#8220;||||||||&#8220; header_font=&#8220;||||||||&#8220; text_orientation=&#8220;center&#8220; custom_margin=&#8220;|||&#8220; custom_margin_last_edited=&#8220;on|desktop&#8220; custom_padding=&#8220;10%|61px|10%|60px||&#8220;]<h1 style=\"text-align: center;\"><span style=\"color: #ffffff;\">EISLAUFEN<br \/> <\/span><\/h1>\n<p style=\"text-align: center;\"><span style=\"color: #ffffff;\">__________<\/span><\/p>\n\n<p style=\"text-align: center;\"><span style=\"color: #ffffff;\">In der Wintersaison macht das Sportzentrum keinen Winterschlaf: Wenn die umgebende Landschaft wei\u00df gef\u00e4rbt ist, ist eine m\u00e4rchenhafte Atmosph\u00e4re der Schauplatz f\u00fcr die Eislaufbahn, wo Erwachsene und Kinder sorglos Spa\u00df haben k\u00f6nnen. Der Service bietet Schlittschuhverleih und ein angrenzendes warmes Caf\u00e9.<\/span><\/p>[\/et_pb_text][\/et_pb_column][et_pb_column type=&#8220;2_3&#8243; _builder_version=&#8220;3.22.7&#8243;][et_pb_image src=&#8220;https:\/\/borgosportebenessere.it\/wp-content\/uploads\/2019\/05\/pattinaggio-ghiaccio.jpg&#8220; force_fullwidth=&#8220;on&#8220; _builder_version=&#8220;3.22.7&#8243;][\/et_pb_image][\/et_pb_column][\/et_pb_row][et_pb_row use_custom_gutter=&#8220;on&#8220; gutter_width=&#8220;1&#8243; custom_padding=&#8220;0px||0px|||&#8220; custom_margin=&#8220;|0px||auto||&#8220; make_equal=&#8220;on&#8220; _builder_version=&#8220;3.22.7&#8243; background_color=&#8220;#996932&#8243; width=&#8220;100%&#8220; max_width=&#8220;2560px&#8220; module_alignment=&#8220;center&#8220;][et_pb_column type=&#8220;2_3&#8243; _builder_version=&#8220;3.22.7&#8243;][et_pb_image src=&#8220;https:\/\/borgosportebenessere.it\/wp-content\/uploads\/2019\/05\/sala-macchine.jpg&#8220; force_fullwidth=&#8220;on&#8220; _builder_version=&#8220;3.22.7&#8243;][\/et_pb_image][\/et_pb_column][et_pb_column type=&#8220;1_3&#8243; _builder_version=&#8220;3.22.7&#8243;][et_pb_text _builder_version=&#8220;3.22.7&#8243; text_font=&#8220;||||||||&#8220; quote_font=&#8220;||||||||&#8220; header_font=&#8220;||||||||&#8220; text_orientation=&#8220;center&#8220; custom_margin=&#8220;|||&#8220; custom_margin_last_edited=&#8220;on|desktop&#8220; custom_padding=&#8220;10%|61px|10%|60px||&#8220;]<h1 style=\"text-align: center;\"><span style=\"color: #ffffff;\">FITNESSRAUM<br \/> <\/span><\/h1>\n<p style=\"text-align: center;\"><span style=\"color: #ffffff;\">__________<\/span><\/p>\n<p style=\"text-align: center;\"><span style=\"color: #ffffff;\">Im gem\u00fctlichen Holzdachgeschoss steht den Fitness-Liebhabern ein kleiner Raum zur Verf\u00fcgung, der mit Folgenden ausgestattet ist: Laufb\u00e4nder und Heimtrainer, Hanteln, Gewichte, Seilen und Ger\u00e4te zum Training aller Muskelgruppen. <\/span><\/p>\n<p>&nbsp;<\/p>[\/et_pb_text][\/et_pb_column][\/et_pb_row][\/et_pb_section][et_pb_section fb_built=&#8220;1&#8243; _builder_version=&#8220;3.22.7&#8243; background_color=&#8220;#f2f2f2&#8243; custom_margin=&#8220;0px||20px&#8220; custom_padding=&#8220;0px||&#8220;][et_pb_row _builder_version=&#8220;3.22.7&#8243;][et_pb_column type=&#8220;4_4&#8243; _builder_version=&#8220;3.22.7&#8243;][et_pb_text _builder_version=&#8220;3.22.7&#8243;]<h1 style=\"text-align: center;\"><span style=\"color: #333333;\">KONTAKT<\/span><\/h1>[\/et_pb_text][\/et_pb_column][\/et_pb_row][et_pb_row _builder_version=&#8220;3.22.7&#8243;][et_pb_column type=&#8220;4_4&#8243; _builder_version=&#8220;3.22.7&#8243;][et_pb_blurb title=&#8220;BAR AL C\u2019ENTRO&#8220; _builder_version=&#8220;3.22.7&#8243;]<p><span>Cell. +39 329 535 7960<br \/><\/span>Tel. +39 0433 86093<br \/> email &#8211; <a href=\"mailto:flvvalle@gmail.com\">flvvalle@gmail.com<\/a><\/p>[\/et_pb_blurb][\/et_pb_column][\/et_pb_row][\/et_pb_section]\n","protected":false},"excerpt":{"rendered":"<p>SPORTZENTRUM Die Energie des Sports, die Magie der Natur. Das Sportzentrum befindet sich in einer ruhigen und gr\u00fcnen Umgebung, ideal f\u00fcr diejenigen, die Outdoor-Sportarten lieben und die Harmonie wiederfinden, w\u00e4hrend sie Zeit mit Freunden verbringen, Spa\u00df haben und sich entspannen. Im Sommer sind die Pl\u00e4tze f\u00fcr Sportarten wie Tennis, Fu\u00dfball zu 5, Volleyball und Basketball [&hellip;]<\/p>\n","protected":false},"author":1,"featured_media":0,"parent":0,"menu_order":0,"comment_status":"closed","ping_status":"closed","template":"","meta":{"_et_pb_use_builder":"on","_et_pb_old_content":"","_et_gb_content_width":"","footnotes":""},"class_list":["post-29179","page","type-page","status-publish","hentry"],"_links":{"self":[{"href":"https:\/\/borgosportebenessere.it\/de\/wp-json\/wp\/v2\/pages\/29179","targetHints":{"allow":["GET"]}}],"collection":[{"href":"https:\/\/borgosportebenessere.it\/de\/wp-json\/wp\/v2\/pages"}],"about":[{"href":"https:\/\/borgosportebenessere.it\/de\/wp-json\/wp\/v2\/types\/page"}],"author":[{"embeddable":true,"href":"https:\/\/borgosportebenessere.it\/de\/wp-json\/wp\/v2\/users\/1"}],"replies":[{"embeddable":true,"href":"https:\/\/borgosportebenessere.it\/de\/wp-json\/wp\/v2\/comments?post=29179"}],"version-history":[{"count":3,"href":"https:\/\/borgosportebenessere.it\/de\/wp-json\/wp\/v2\/pages\/29179\/revisions"}],"predecessor-version":[{"id":29218,"href":"https:\/\/borgosportebenessere.it\/de\/wp-json\/wp\/v2\/pages\/29179\/revisions\/29218"}],"wp:attachment":[{"href":"https:\/\/borgosportebenessere.it\/de\/wp-json\/wp\/v2\/media?parent=29179"}],"curies":[{"name":"wp","href":"https:\/\/api.w.org\/{rel}","templated":true}]}}