{"id":29193,"date":"2019-05-20T14:49:00","date_gmt":"2019-05-20T12:49:00","guid":{"rendered":"https:\/\/borgosportebenessere.it\/maneggio\/"},"modified":"2023-08-11T23:21:09","modified_gmt":"2023-08-11T21:21:09","slug":"maneggio","status":"publish","type":"page","link":"https:\/\/borgosportebenessere.it\/de\/maneggio\/","title":{"rendered":"REITERHOF"},"content":{"rendered":"<p>[et_pb_section fb_built=&#8220;1&#8243; fullwidth=&#8220;on&#8220; custom_padding_last_edited=&#8220;on|desktop&#8220; _builder_version=&#8220;4.16&#8243; background_image=&#8220;https:\/\/borgosportebenessere.it\/wp-content\/uploads\/2019\/05\/maneggio-home.jpg&#8220; module_alignment=&#8220;center&#8220; min_height_tablet=&#8220;&#8220; min_height_phone=&#8220;&#8220; min_height_last_edited=&#8220;on|tablet&#8220; max_height_tablet=&#8220;345px&#8220; max_height_phone=&#8220;220px&#8220; max_height_last_edited=&#8220;off|desktop&#8220; custom_padding=&#8220;0px|0px|0px|0px&#8220; custom_padding_tablet=&#8220;||0px|&#8220; custom_padding_phone=&#8220;||0px|&#8220; global_colors_info=&#8220;{}&#8220;][et_pb_fullwidth_header title=&#8220;AKTIVURLAUB ZWISCHEN NATUR UND ABENTEUER&#8220; text_orientation=&#8220;center&#8220; background_overlay_color=&#8220;rgba(0,0,0,0)&#8220; logo_image_url=&#8220;https:\/\/borgosportebenessere.it\/wp-content\/uploads\/2019\/05\/logo_maneggio-ok.png&#8220; content_max_width_tablet=&#8220;&#8220; content_max_width_phone=&#8220;&#8220; content_max_width_last_edited=&#8220;on|desktop&#8220; _builder_version=&#8220;4.16&#8243; title_level=&#8220;h6&#8243; title_font=&#8220;|700|||||||&#8220; title_text_color=&#8220;#ffffff&#8220; background_color=&#8220;rgba(184,170,14,0)&#8220; width_tablet=&#8220;&#8220; width_phone=&#8220;&#8220; width_last_edited=&#8220;on|phone&#8220; max_width_tablet=&#8220;100%&#8220; max_width_phone=&#8220;100%&#8220; max_width_last_edited=&#8220;on|phone&#8220; module_alignment=&#8220;center&#8220; custom_padding=&#8220;28%||0px&#8220; custom_padding_tablet=&#8220;&#8220; custom_padding_phone=&#8220;&#8220; custom_padding_last_edited=&#8220;on|phone&#8220; title_text_shadow_style=&#8220;preset3&#8243; title_text_shadow_horizontal_length=&#8220;0.13em&#8220; title_text_shadow_vertical_length=&#8220;0.02em&#8220; title_text_shadow_blur_strength=&#8220;0.17em&#8220; title_text_shadow_color=&#8220;#000000&#8243; text_shadow_style=&#8220;preset2&#8243; global_colors_info=&#8220;{}&#8220;][\/et_pb_fullwidth_header][\/et_pb_section][et_pb_section fb_built=&#8220;1&#8243; _builder_version=&#8220;4.16&#8243; global_colors_info=&#8220;{}&#8220;][et_pb_row _builder_version=&#8220;4.16&#8243; custom_margin=&#8220;0px||&#8220; global_colors_info=&#8220;{}&#8220;][et_pb_column type=&#8220;4_4&#8243; _builder_version=&#8220;4.16&#8243; custom_padding=&#8220;|||&#8220; global_colors_info=&#8220;{}&#8220; custom_padding__hover=&#8220;|||&#8220;][et_pb_text _builder_version=&#8220;4.16&#8243; text_font=&#8220;||||||||&#8220; custom_margin=&#8220;0px|100px||100px&#8220; custom_margin_tablet=&#8220;|40px||40px&#8220; custom_margin_phone=&#8220;|20px||20px&#8220; custom_margin_last_edited=&#8220;on|tablet&#8220; custom_padding=&#8220;3px|||||&#8220; global_colors_info=&#8220;{}&#8220;]<\/p>\n<h1 style=\"text-align: center;\"><span style=\"color: #85754e;\">DER REITERHOF<br \/><\/span><\/h1>\n<p style=\"text-align: center;\"><span style=\"color: #85754e;\"><em>Unvergessliche Ausfl\u00fcge auf dem Sattel, um die Wunder<br \/>eines einzigartigen Ortes zu entdecken.<br \/><\/em><\/span><\/p>\n<p style=\"text-align: center;\">Auf dem R\u00fccken eines Pferdes zu sitzen bedeutet, die Unermesslichkeit zu erobern und die Unendlichkeit zu sp\u00fcren. Im Reitstall Khlope k\u00f6nnen Sie sich der aufregenden Welt des Reitsports auf nat\u00fcrliche Weise n\u00e4hern: Unter der Leitung von zertifizierten Lehrern lernen Sie die Geheimnisse dieses edlen Tieres und die Kunst der westlichen Ritterlichkeit kennen. Reiten in der Stille der Natur, um Ihre abenteuerliche Seite wiederzuentdecken und die besten Landschaften von Zahre aus einem neuen Blickwinkel zu betrachten.<\/p>\n<p>&nbsp;<\/p>\n<p>&nbsp;<\/p>\n<p>[\/et_pb_text][\/et_pb_column][\/et_pb_row][\/et_pb_section][et_pb_section fb_built=&#8220;1&#8243; _builder_version=&#8220;4.16&#8243; custom_margin=&#8220;0px||0px&#8220; custom_padding=&#8220;0px|||||&#8220; global_colors_info=&#8220;{}&#8220;][et_pb_row column_structure=&#8220;2_3,1_3&#8243; use_custom_gutter=&#8220;on&#8220; gutter_width=&#8220;1&#8243; make_equal=&#8220;on&#8220; _builder_version=&#8220;4.16&#8243; background_color=&#8220;#aea9a4&#8243; width=&#8220;100%&#8220; max_width=&#8220;2560px&#8220; module_alignment=&#8220;center&#8220; custom_margin=&#8220;|0px||auto||&#8220; custom_padding=&#8220;0px||0px|||&#8220; global_colors_info=&#8220;{}&#8220;][et_pb_column type=&#8220;2_3&#8243; _builder_version=&#8220;4.16&#8243; custom_padding=&#8220;|||&#8220; global_colors_info=&#8220;{}&#8220; custom_padding__hover=&#8220;|||&#8220;][et_pb_image src=&#8220;https:\/\/borgosportebenessere.it\/wp-content\/uploads\/2019\/05\/il-maneggio.jpg&#8220; force_fullwidth=&#8220;on&#8220; align_tablet=&#8220;center&#8220; align_phone=&#8220;&#8220; align_last_edited=&#8220;on|desktop&#8220; _builder_version=&#8220;4.16&#8243; global_colors_info=&#8220;{}&#8220;][\/et_pb_image][\/et_pb_column][et_pb_column type=&#8220;1_3&#8243; _builder_version=&#8220;4.16&#8243; custom_padding=&#8220;|||&#8220; global_colors_info=&#8220;{}&#8220; custom_padding__hover=&#8220;|||&#8220;][et_pb_text _builder_version=&#8220;4.16&#8243; text_font=&#8220;||||||||&#8220; quote_font=&#8220;||||||||&#8220; header_font=&#8220;||||||||&#8220; text_orientation=&#8220;center&#8220; custom_margin=&#8220;|||&#8220; custom_margin_tablet=&#8220;&#8220; custom_margin_phone=&#8220;&#8220; custom_margin_last_edited=&#8220;on|desktop&#8220; custom_padding=&#8220;10%|61px|10%|60px||&#8220; global_colors_info=&#8220;{}&#8220;]<\/p>\n<h1 style=\"text-align: center;\"><span style=\"color: #333333;\">ERSTES GL\u00dcCK AUF DEM R\u00dcCKEN DER PFERDE<br \/> <\/span><\/h1>\n<p style=\"text-align: center;\"><span style=\"color: #333333;\">__________<\/span><\/p>\n<p><span style=\"color: #333333;\"><em><\/em><em>Jedes Kind verl\u00e4sst den Reitstall mit einem neuen Freund.<\/em><\/span><\/p>\n<p style=\"text-align: center;\"><span style=\"color: #333333;\">Die Beziehung zu anderen Tierarten stellt f\u00fcr die Kinder eine einzigartige Bildungsm\u00f6glichkeit und Inspiration f\u00fcr ihre Disziplin dar. F\u00fcr die Kleinen bietet der Reitstall Khlope kurze, handgef\u00fchrte Ausritte im Wald nahe den St\u00e4llen: in ihren Augen das Wunder und den Reiz, dieses majest\u00e4tische Tier erstmals in seinem nat\u00fcrlichen Lebensraum kennenzulernen.<\/span><\/p>\n<p><span style=\"color: #333333;\">\u00a0<\/span><\/p>\n<p>[\/et_pb_text][\/et_pb_column][\/et_pb_row][et_pb_row column_structure=&#8220;1_3,2_3&#8243; use_custom_gutter=&#8220;on&#8220; gutter_width=&#8220;1&#8243; make_equal=&#8220;on&#8220; module_class=&#8220;custom_row&#8220; _builder_version=&#8220;4.16&#8243; background_color=&#8220;#654C4F&#8220; width=&#8220;100%&#8220; max_width=&#8220;2560px&#8220; module_alignment=&#8220;center&#8220; custom_margin=&#8220;|0px||auto||&#8220; custom_padding=&#8220;0px||0px|||&#8220; global_colors_info=&#8220;{}&#8220;][et_pb_column type=&#8220;1_3&#8243; module_class=&#8220;second-on-mobile&#8220; _builder_version=&#8220;4.16&#8243; custom_padding=&#8220;|||&#8220; global_colors_info=&#8220;{}&#8220; custom_padding__hover=&#8220;|||&#8220;][et_pb_text _builder_version=&#8220;4.16&#8243; text_font=&#8220;||||||||&#8220; quote_font=&#8220;||||||||&#8220; header_font=&#8220;||||||||&#8220; text_orientation=&#8220;center&#8220; custom_margin=&#8220;|||&#8220; custom_margin_tablet=&#8220;&#8220; custom_margin_phone=&#8220;&#8220; custom_margin_last_edited=&#8220;on|desktop&#8220; custom_padding=&#8220;10%|61px|10%|60px||&#8220; global_colors_info=&#8220;{}&#8220;]<\/p>\n<h1 style=\"text-align: center;\"><span style=\"color: #ffffff;\">WANDERUNGEN<br \/><\/span><\/h1>\n<p style=\"text-align: center;\"><span style=\"color: #ffffff;\">__________<\/span><\/p>\n<p style=\"text-align: center;\"><span style=\"color: #ffffff;\"><em>Erleben Sie die Natur zu Pferd.<br \/><\/em><\/span><\/p>\n<p style=\"text-align: center;\"><span style=\"color: #ffffff;\">Das Fahren auf alten Stra\u00dfen, die in den W\u00e4ldern verloren gehen, oder auf gr\u00fcnen Pfaden, die zu den Almen f\u00fchren, ist eine Emotion, die in eine Dimension des Lebens zur\u00fcckkehrt, die von einem historischen Hauch gepr\u00e4gt ist.<br \/>Es erwachen Gef\u00fchle der Freiheit, f\u00fcr die im hektischen Alltag kein Platz mehr war.<br \/>F\u00fcr alle Reitbegeisterten, auch f\u00fcr Anf\u00e4nger, organisiert der Verein Khlope mehrst\u00fcndige oder ganzt\u00e4gige Ausfl\u00fcge, um die sch\u00f6nsten Naturaussichten von Zahre zu entdecken.<\/span><\/p>\n<p>&nbsp;<\/p>\n<p>[\/et_pb_text][\/et_pb_column][et_pb_column type=&#8220;2_3&#8243; module_class=&#8220;first-on-mobile&#8220; _builder_version=&#8220;4.16&#8243; custom_padding=&#8220;|||&#8220; global_colors_info=&#8220;{}&#8220; custom_padding__hover=&#8220;|||&#8220;][et_pb_image src=&#8220;https:\/\/borgosportebenessere.it\/wp-content\/uploads\/2019\/05\/passeggiate-maneggio.jpg&#8220; force_fullwidth=&#8220;on&#8220; align_tablet=&#8220;center&#8220; align_phone=&#8220;&#8220; align_last_edited=&#8220;on|desktop&#8220; _builder_version=&#8220;4.16&#8243; global_colors_info=&#8220;{}&#8220;][\/et_pb_image][\/et_pb_column][\/et_pb_row][et_pb_row column_structure=&#8220;2_3,1_3&#8243; use_custom_gutter=&#8220;on&#8220; gutter_width=&#8220;1&#8243; make_equal=&#8220;on&#8220; _builder_version=&#8220;4.16&#8243; background_color=&#8220;#b26e63&#8243; width=&#8220;100%&#8220; max_width=&#8220;2560px&#8220; module_alignment=&#8220;center&#8220; custom_margin=&#8220;|0px||auto||&#8220; custom_padding=&#8220;0px||0px|||&#8220; global_colors_info=&#8220;{}&#8220;][et_pb_column type=&#8220;2_3&#8243; _builder_version=&#8220;4.16&#8243; custom_padding=&#8220;|||&#8220; global_colors_info=&#8220;{}&#8220; custom_padding__hover=&#8220;|||&#8220;][et_pb_image src=&#8220;https:\/\/borgosportebenessere.it\/wp-content\/uploads\/2019\/05\/trekking-sauris.jpg&#8220; force_fullwidth=&#8220;on&#8220; align_tablet=&#8220;center&#8220; align_phone=&#8220;&#8220; align_last_edited=&#8220;on|desktop&#8220; _builder_version=&#8220;4.16&#8243; global_colors_info=&#8220;{}&#8220;][\/et_pb_image][\/et_pb_column][et_pb_column type=&#8220;1_3&#8243; _builder_version=&#8220;4.16&#8243; custom_padding=&#8220;|||&#8220; global_colors_info=&#8220;{}&#8220; custom_padding__hover=&#8220;|||&#8220;][et_pb_text _builder_version=&#8220;4.16&#8243; text_font=&#8220;||||||||&#8220; quote_font=&#8220;||||||||&#8220; header_font=&#8220;||||||||&#8220; text_orientation=&#8220;center&#8220; custom_margin=&#8220;|||&#8220; custom_margin_tablet=&#8220;&#8220; custom_margin_phone=&#8220;&#8220; custom_margin_last_edited=&#8220;on|desktop&#8220; custom_padding=&#8220;10%|61px|10%|60px||&#8220; global_colors_info=&#8220;{}&#8220;]<\/p>\n<h1 style=\"text-align: center;\"><span style=\"color: #ffffff;\">TREKKING<br \/> <\/span><\/h1>\n<p style=\"text-align: center;\"><span style=\"color: #ffffff;\">__________<\/span><\/p>\n<p style=\"text-align: center;\"><span style=\"color: #ffffff;\"><em>Ein Wunsch nach Abenteuer.<br \/> <\/em><\/span><\/p>\n<p style=\"text-align: center;\"><span style=\"color: #ffffff;\">Vertrauen, Respekt und Austausch von Gef\u00fchlen: Das Konzept des Reitens dreht sich haupts\u00e4chlich um die Schaffung einer empathischen Beziehung zum Pferd. Dies ist die richtige Gelegenheit: F\u00fcr die erfahreneren Reiter werden zwei- oder mehrt\u00e4gige Trekkingtouren organisiert, um ein echtes wildes Erlebnis in engem Kontakt mit dem Tier und der umgebenden Natur zu erleben. Diese Ausfl\u00fcge, die nach den Bed\u00fcrfnissen der Kunden gestaltet werden k\u00f6nnen, folgen schweigsamen Routen auf alten Wegen, die das Tal von Zahre mit den angrenzenden T\u00e4lern verbinden.<\/span><\/p>\n<p><span style=\"color: #ffffff;\">\u00a0<\/span><\/p>\n<p>[\/et_pb_text][\/et_pb_column][\/et_pb_row][\/et_pb_section][et_pb_section fb_built=&#8220;1&#8243; _builder_version=&#8220;4.16&#8243; width_tablet=&#8220;&#8220; width_phone=&#8220;&#8220; width_last_edited=&#8220;on|phone&#8220; custom_margin=&#8220;0px||&#8220; custom_margin_tablet=&#8220;&#8220; custom_margin_phone=&#8220;|0px||0px&#8220; custom_margin_last_edited=&#8220;on|desktop&#8220; custom_padding=&#8220;0px|0px||0px&#8220; border_color_all=&#8220;rgba(0,0,0,0)&#8220; border_style_all=&#8220;none&#8220; global_colors_info=&#8220;{}&#8220;][et_pb_row _builder_version=&#8220;4.16&#8243; custom_margin=&#8220;5px|auto||auto||&#8220; global_colors_info=&#8220;{}&#8220;][et_pb_column type=&#8220;4_4&#8243; _builder_version=&#8220;4.16&#8243; custom_padding=&#8220;|||&#8220; global_colors_info=&#8220;{}&#8220; custom_padding__hover=&#8220;|||&#8220;][et_pb_text _builder_version=&#8220;4.16&#8243; global_colors_info=&#8220;{}&#8220;]<\/p>\n<h1 style=\"text-align: center;\"><span style=\"color: #654c4f;\">PREISE<br \/><\/span><\/h1>\n<p>[\/et_pb_text][\/et_pb_column][\/et_pb_row][et_pb_row _builder_version=&#8220;4.16&#8243; width_tablet=&#8220;&#8220; width_phone=&#8220;100%&#8220; width_last_edited=&#8220;on|phone&#8220; global_colors_info=&#8220;{}&#8220;][et_pb_column type=&#8220;4_4&#8243; _builder_version=&#8220;4.16&#8243; custom_padding=&#8220;|||&#8220; global_colors_info=&#8220;{}&#8220; custom_padding__hover=&#8220;|||&#8220;][et_pb_text _builder_version=&#8220;4.16&#8243; text_font=&#8220;Josefin Sans||||||||&#8220; header_font=&#8220;Josefin Sans||||||||&#8220; custom_margin=&#8220;|0px||0px&#8220; custom_padding=&#8220;|0px||0px&#8220; custom_padding_last_edited=&#8220;off|phone&#8220; global_colors_info=&#8220;{}&#8220;]<\/p>\n<table style=\"width: 100%;\">\n<tbody>\n<tr style=\"height: 64px; background-color: #654c4f;\">\n<td style=\"width: 812px; height: 64px;\">\n<h3><span style=\"color: #ffffff;\"><strong>UNTERRICHT<\/strong><\/span><\/h3>\n<\/td>\n<td style=\"width: 812px; height: 64px;\"><span style=\"color: #ffffff;\"><\/span><\/td>\n<\/tr>\n<tr style=\"height: 64px; background-color: #b26e63;\">\n<td style=\"width: 812px; height: 64px;\">\n<h5><span style=\"color: #ffffff;\"><strong>ERSTES GL\u00dcCK AUF DEM R\u00dcCKEN DER PFERDE\/KINDERRUNDE<\/strong><\/span><\/h5>\n<h5><span style=\"color: #ffffff;\"> <em> (die Anwesenheit eines Erwachsenen ist Pflicht)<\/em><\/span><\/h5>\n<\/td>\n<td style=\"width: 812px; height: 64px; text-align: left;\"><span style=\"color: #ffffff;\">\u20ac 20,00<br \/><\/span><\/td>\n<\/tr>\n<tr style=\"height: 64px; background-color: #654c4f;\">\n<td style=\"width: 918.517px; height: 64px;\">\n<h3><strong><span style=\"color: #ffffff;\">SPAZIERG\u00c4NGE<\/span><\/strong><\/h3>\n<\/td>\n<td style=\"width: 812px; height: 64px;\"><\/td>\n<\/tr>\n<tr style=\"height: 64px; background-color: #b26e63;\">\n<td style=\"width: 918.517px; height: 64px;\">\n<h5><span style=\"color: #ffffff;\">1 STUNDEN<br \/>(\u00fcber 14 Jahre)<\/span><\/h5>\n<\/td>\n<td style=\"width: 812px; height: 64px; text-align: left;\"><span style=\"color: #ffffff;\">\u20ac 40,00\u00a0<br \/><\/span><\/td>\n<\/tr>\n<tr style=\"height: 64px; background-color: #654c4f;\">\n<td style=\"width: 918.517px; height: 64px;\">\n<h5><span style=\"color: #ffffff;\">2 STUNDEN<br \/>(\u00fcber 14 Jahre)<\/span><\/h5>\n<\/td>\n<td style=\"width: 812px; height: 64px;\"><span style=\"color: #ffffff;\">\u20ac 75,00\u00a0<br \/><\/span><\/td>\n<\/tr>\n<tr style=\"height: 64px; background-color: #b26e63;\">\n<td style=\"width: 918.517px; height: 64px;\">\n<h5><span style=\"color: #ffffff;\"><strong>TAGESAUSFL\u00dcGE UND MEHRT\u00c4GIGE TREKKING-AUSFL\u00dcGE<\/strong><\/span><\/h5>\n<p>&nbsp;<\/p>\n<\/td>\n<td style=\"width: 812px; height: 64px;\"><span style=\"color: #ffffff;\">PREIS AUF ANFRAGE<br \/><\/span><\/td>\n<\/tr>\n<\/tbody>\n<\/table>\n<p>&nbsp;<\/p>\n<p>[\/et_pb_text][\/et_pb_column][\/et_pb_row][et_pb_row _builder_version=&#8220;4.16&#8243; global_colors_info=&#8220;{}&#8220;][et_pb_column type=&#8220;4_4&#8243; _builder_version=&#8220;4.16&#8243; custom_padding=&#8220;|||&#8220; global_colors_info=&#8220;{}&#8220; custom_padding__hover=&#8220;|||&#8220;][et_pb_text _builder_version=&#8220;4.16&#8243; custom_margin=&#8220;0px||&#8220; custom_padding=&#8220;0px||&#8220; global_colors_info=&#8220;{}&#8220;]<\/p>\n<p>Nur durch ein vertrauensvolles Verh\u00e4ltnis k\u00f6nnen Sie das perfekte Gleichgewicht zwischen Pferd und Reiter erreichen: Die Einhaltung der Anweisungen des Trainers ist daher von gr\u00f6\u00dfter Bedeutung, um Ihnen und dem Tier ein positives Erlebnis zu erm\u00f6glichen.<\/p>\n<p>Nachfolgend finden Sie einige wichtige Informationen:<\/p>\n<ul>\n<li><span style=\"font-size: 19px;\">Vorkenntnisse erforderlich<\/span><\/li>\n<li>agil genug sein, um ein Pferd zu reiten.<\/li>\n<li>Die Reitsportart ist nicht f\u00fcr schwangere Frauen und solche, die sich k\u00fcrzlich einer Operation unterzogen haben, geeignet.<\/li>\n<li>bequeme, aber robuste Kleidung wird empfohlen: lange Hosen oder Jeans, flache Stiefel, Turnschuhe oder Wanderschuhe, die nicht sperrig sind, KEINE Shorts, eine Flasche Wasser mitbringen.<\/li>\n<\/ul>\n<p>[\/et_pb_text][\/et_pb_column][\/et_pb_row][\/et_pb_section][et_pb_section fb_built=&#8220;1&#8243; _builder_version=&#8220;4.16&#8243; background_color=&#8220;#f2f2f2&#8243; custom_margin=&#8220;0px||20px&#8220; custom_padding=&#8220;0px||&#8220; global_colors_info=&#8220;{}&#8220;][et_pb_row _builder_version=&#8220;4.16&#8243; global_colors_info=&#8220;{}&#8220;][et_pb_column type=&#8220;4_4&#8243; _builder_version=&#8220;4.16&#8243; custom_padding=&#8220;|||&#8220; global_colors_info=&#8220;{}&#8220; custom_padding__hover=&#8220;|||&#8220;][et_pb_text _builder_version=&#8220;4.16&#8243; global_colors_info=&#8220;{}&#8220;]<\/p>\n<h1 style=\"text-align: center;\"><span style=\"color: #333333;\"><span class=\"tlid-translation translation\" lang=\"de\"><span title=\"\" class=\"\">KONTAKT<\/span><\/span><\/span><\/h1>\n<p>[\/et_pb_text][\/et_pb_column][\/et_pb_row][et_pb_row _builder_version=&#8220;4.16&#8243; global_colors_info=&#8220;{}&#8220;][et_pb_column type=&#8220;4_4&#8243; _builder_version=&#8220;4.16&#8243; custom_padding=&#8220;|||&#8220; global_colors_info=&#8220;{}&#8220; custom_padding__hover=&#8220;|||&#8220;][et_pb_blurb title=&#8220;A.S.D. KHLOPE&#8220; _builder_version=&#8220;4.16&#8243; global_colors_info=&#8220;{}&#8220;]<\/p>\n<p>Cell. +39 350 0955144<br \/> email &#8211; <a href=\"mailto:flvvalle@gmail.com\">khlope.sauris@gmail.com<\/a><\/p>\n<p>[\/et_pb_blurb][\/et_pb_column][\/et_pb_row][\/et_pb_section]<\/p>\n","protected":false},"excerpt":{"rendered":"<p>DER REITERHOF Unvergessliche Ausfl\u00fcge auf dem Sattel, um die Wundereines einzigartigen Ortes zu entdecken. Auf dem R\u00fccken eines Pferdes zu sitzen bedeutet, die Unermesslichkeit zu erobern und die Unendlichkeit zu sp\u00fcren. Im Reitstall Khlope k\u00f6nnen Sie sich der aufregenden Welt des Reitsports auf nat\u00fcrliche Weise n\u00e4hern: Unter der Leitung von zertifizierten Lehrern lernen Sie die [&hellip;]<\/p>\n","protected":false},"author":1,"featured_media":0,"parent":0,"menu_order":0,"comment_status":"closed","ping_status":"closed","template":"","meta":{"_et_pb_use_builder":"on","_et_pb_old_content":"","_et_gb_content_width":"","footnotes":""},"class_list":["post-29193","page","type-page","status-publish","hentry"],"_links":{"self":[{"href":"https:\/\/borgosportebenessere.it\/de\/wp-json\/wp\/v2\/pages\/29193","targetHints":{"allow":["GET"]}}],"collection":[{"href":"https:\/\/borgosportebenessere.it\/de\/wp-json\/wp\/v2\/pages"}],"about":[{"href":"https:\/\/borgosportebenessere.it\/de\/wp-json\/wp\/v2\/types\/page"}],"author":[{"embeddable":true,"href":"https:\/\/borgosportebenessere.it\/de\/wp-json\/wp\/v2\/users\/1"}],"replies":[{"embeddable":true,"href":"https:\/\/borgosportebenessere.it\/de\/wp-json\/wp\/v2\/comments?post=29193"}],"version-history":[{"count":7,"href":"https:\/\/borgosportebenessere.it\/de\/wp-json\/wp\/v2\/pages\/29193\/revisions"}],"predecessor-version":[{"id":29611,"href":"https:\/\/borgosportebenessere.it\/de\/wp-json\/wp\/v2\/pages\/29193\/revisions\/29611"}],"wp:attachment":[{"href":"https:\/\/borgosportebenessere.it\/de\/wp-json\/wp\/v2\/media?parent=29193"}],"curies":[{"name":"wp","href":"https:\/\/api.w.org\/{rel}","templated":true}]}}