{"id":29198,"date":"2019-05-20T16:15:45","date_gmt":"2019-05-20T14:15:45","guid":{"rendered":"https:\/\/borgosportebenessere.it\/bar-ristorante\/"},"modified":"2019-05-27T09:32:14","modified_gmt":"2019-05-27T07:32:14","slug":"bar-ristorante","status":"publish","type":"page","link":"https:\/\/borgosportebenessere.it\/de\/bar-ristorante\/","title":{"rendered":"BAR &#8211; RESTAURANT"},"content":{"rendered":"\n\n[et_pb_section fb_built=&#8220;1&#8243; fullwidth=&#8220;on&#8220; custom_padding_last_edited=&#8220;on|desktop&#8220; _builder_version=&#8220;3.22.7&#8243; background_image=&#8220;https:\/\/borgosportebenessere.it\/wp-content\/uploads\/2019\/05\/ristorante-banner-1.jpg&#8220; module_alignment=&#8220;center&#8220; min_height_last_edited=&#8220;on|tablet&#8220; max_height_tablet=&#8220;345px&#8220; max_height_phone=&#8220;220px&#8220; max_height_last_edited=&#8220;off|desktop&#8220; custom_padding=&#8220;0px|0px|0px|0px&#8220; custom_padding_tablet=&#8220;||0px|&#8220; custom_padding_phone=&#8220;||0px|&#8220;][et_pb_fullwidth_header title=&#8220;GOURMET-PAUSE MIT BERG-GESCHMACK&#8220; text_orientation=&#8220;center&#8220; logo_image_url=&#8220;https:\/\/borgosportebenessere.it\/wp-content\/uploads\/2019\/05\/logo_home.png&#8220; content_max_width_last_edited=&#8220;on|desktop&#8220; _builder_version=&#8220;3.23.2&#8243; title_level=&#8220;h6&#8243; title_font=&#8220;||||||||&#8220; background_color=&#8220;rgba(184,170,14,0)&#8220; width_last_edited=&#8220;on|phone&#8220; max_width_tablet=&#8220;100%&#8220; max_width_phone=&#8220;100%&#8220; max_width_last_edited=&#8220;on|phone&#8220; module_alignment=&#8220;center&#8220; custom_padding=&#8220;28%||0px&#8220; custom_padding_last_edited=&#8220;on|phone&#8220;][\/et_pb_fullwidth_header][\/et_pb_section][et_pb_section fb_built=&#8220;1&#8243; _builder_version=&#8220;3.22.7&#8243;][et_pb_row custom_margin=&#8220;0px||&#8220; _builder_version=&#8220;3.22.7&#8243;][et_pb_column type=&#8220;4_4&#8243; _builder_version=&#8220;3.22.7&#8243;][et_pb_text _builder_version=&#8220;3.23.2&#8243; text_font=&#8220;||||||||&#8220; custom_margin=&#8220;0px|100px||100px&#8220; custom_margin_tablet=&#8220;|40px||40px&#8220; custom_margin_phone=&#8220;|20px||20px&#8220; custom_margin_last_edited=&#8220;on|tablet&#8220; custom_padding=&#8220;3px|||||&#8220;]<h1 style=\"text-align: center;\"><span style=\"color: #4f5b43;\">RESTAURANT UND BAR\n<\/span><\/h1>\n<p style=\"text-align: center;\"><span style=\"color: #4f5b43;\"><em>Momente des Gl\u00fccks und des Wohlbefindens mit den besten Produkten der Region: Hier wird das Essen zum Genuss.\n<\/em><\/span><\/p>\n<p style=\"text-align: center;\"><span style=\"color: #4f5b43;\">Die zentrale Bar und das Restaurant Al C&#8217;Entro empfangen ihre G\u00e4ste mit kompetenter Herzlichkeit, die das Ergebnis einer authentischen Leidenschaft f\u00fcr gutes Essen und f\u00fcr die kostbaren gastronomischen Sch\u00e4tze von Zahre und Karnien ist: unwiderstehliche Snacks auf der Grundlage lokaler Wurstwaren und K\u00e4sesorten, leckere traditionelle Gerichte und k\u00f6stliche Gourmet-Pizzen, angereichert mit dem authentischen Aroma der Bergzutaten. Eine Pause, die den Gaumen erfreut und den Geist erfrischt. <\/span><\/p>[\/et_pb_text][\/et_pb_column][\/et_pb_row][\/et_pb_section][et_pb_section fb_built=&#8220;1&#8243; _builder_version=&#8220;3.22.7&#8243; background_color=&#8220;#f2f2f2&#8243; custom_margin=&#8220;0px||20px&#8220; custom_padding=&#8220;0px||&#8220;][et_pb_row _builder_version=&#8220;3.22.7&#8243;][et_pb_column type=&#8220;4_4&#8243; _builder_version=&#8220;3.22.7&#8243;][et_pb_text _builder_version=&#8220;3.23.2&#8243;]<h1 style=\"text-align: center;\"><span style=\"color: #333333;\">KONTAKT<\/span><\/h1>[\/et_pb_text][\/et_pb_column][\/et_pb_row][et_pb_row _builder_version=&#8220;3.22.7&#8243;][et_pb_column type=&#8220;4_4&#8243; _builder_version=&#8220;3.22.7&#8243;][et_pb_blurb title=&#8220;BAR AL C\u2019ENTRO&#8220; _builder_version=&#8220;3.22.7&#8243;]<p><span>Cell. +39 329 535 7960<br \/><\/span>Tel. +39 0433 86093<br \/> email &#8211; <a href=\"mailto:flvvalle@gmail.com\">flvvalle@gmail.com<\/a><\/p>[\/et_pb_blurb][\/et_pb_column][\/et_pb_row][\/et_pb_section]\n\n","protected":false},"excerpt":{"rendered":"<p>RESTAURANT UND BAR Momente des Gl\u00fccks und des Wohlbefindens mit den besten Produkten der Region: Hier wird das Essen zum Genuss. Die zentrale Bar und das Restaurant Al C&#8217;Entro empfangen ihre G\u00e4ste mit kompetenter Herzlichkeit, die das Ergebnis einer authentischen Leidenschaft f\u00fcr gutes Essen und f\u00fcr die kostbaren gastronomischen Sch\u00e4tze von Zahre und Karnien ist: [&hellip;]<\/p>\n","protected":false},"author":1,"featured_media":0,"parent":0,"menu_order":0,"comment_status":"closed","ping_status":"closed","template":"","meta":{"_et_pb_use_builder":"on","_et_pb_old_content":"","_et_gb_content_width":"","footnotes":""},"class_list":["post-29198","page","type-page","status-publish","hentry"],"_links":{"self":[{"href":"https:\/\/borgosportebenessere.it\/de\/wp-json\/wp\/v2\/pages\/29198","targetHints":{"allow":["GET"]}}],"collection":[{"href":"https:\/\/borgosportebenessere.it\/de\/wp-json\/wp\/v2\/pages"}],"about":[{"href":"https:\/\/borgosportebenessere.it\/de\/wp-json\/wp\/v2\/types\/page"}],"author":[{"embeddable":true,"href":"https:\/\/borgosportebenessere.it\/de\/wp-json\/wp\/v2\/users\/1"}],"replies":[{"embeddable":true,"href":"https:\/\/borgosportebenessere.it\/de\/wp-json\/wp\/v2\/comments?post=29198"}],"version-history":[{"count":2,"href":"https:\/\/borgosportebenessere.it\/de\/wp-json\/wp\/v2\/pages\/29198\/revisions"}],"predecessor-version":[{"id":29208,"href":"https:\/\/borgosportebenessere.it\/de\/wp-json\/wp\/v2\/pages\/29198\/revisions\/29208"}],"wp:attachment":[{"href":"https:\/\/borgosportebenessere.it\/de\/wp-json\/wp\/v2\/media?parent=29198"}],"curies":[{"name":"wp","href":"https:\/\/api.w.org\/{rel}","templated":true}]}}